{"id":898,"date":"2023-02-08T20:42:20","date_gmt":"2023-02-08T19:42:20","guid":{"rendered":"https:\/\/jaimemonbebe.fr\/?page_id=898"},"modified":"2023-02-10T18:36:17","modified_gmt":"2023-02-10T17:36:17","slug":"qui-suis-je","status":"publish","type":"page","link":"https:\/\/jaimemonbebe.fr\/index.php\/qui-suis-je\/","title":{"rendered":"Qui suis-je ?"},"content":{"rendered":"\t\t<div data-elementor-type=\"wp-page\" data-elementor-id=\"898\" class=\"elementor elementor-898\">\n\t\t\t\t\t\t<section class=\"elementor-section elementor-top-section elementor-element elementor-element-3a7622f elementor-section-boxed elementor-section-height-default elementor-section-height-default\" data-id=\"3a7622f\" data-element_type=\"section\">\n\t\t\t\t\t\t<div class=\"elementor-container elementor-column-gap-default\">\n\t\t\t\t\t<div class=\"elementor-column elementor-col-50 elementor-top-column elementor-element elementor-element-5d3d5cc\" data-id=\"5d3d5cc\" data-element_type=\"column\">\n\t\t\t<div class=\"elementor-widget-wrap elementor-element-populated\">\n\t\t\t\t\t\t<div class=\"elementor-element elementor-element-ace7a2c elementor-widget elementor-widget-heading\" data-id=\"ace7a2c\" data-element_type=\"widget\" data-widget_type=\"heading.default\">\n\t\t\t\t<div class=\"elementor-widget-container\">\n\t\t\t<style>\/*! elementor - v3.23.0 - 05-08-2024 *\/\n.elementor-heading-title{padding:0;margin:0;line-height:1}.elementor-widget-heading .elementor-heading-title[class*=elementor-size-]>a{color:inherit;font-size:inherit;line-height:inherit}.elementor-widget-heading .elementor-heading-title.elementor-size-small{font-size:15px}.elementor-widget-heading .elementor-heading-title.elementor-size-medium{font-size:19px}.elementor-widget-heading .elementor-heading-title.elementor-size-large{font-size:29px}.elementor-widget-heading .elementor-heading-title.elementor-size-xl{font-size:39px}.elementor-widget-heading .elementor-heading-title.elementor-size-xxl{font-size:59px}<\/style><h2 class=\"elementor-heading-title elementor-size-default\">Brigitte Correa-Dos-Anjos<\/h2>\t\t<\/div>\n\t\t\t\t<\/div>\n\t\t\t\t<div class=\"elementor-element elementor-element-8f971e7 elementor-widget elementor-widget-image\" data-id=\"8f971e7\" data-element_type=\"widget\" data-widget_type=\"image.default\">\n\t\t\t\t<div class=\"elementor-widget-container\">\n\t\t\t<style>\/*! elementor - v3.23.0 - 05-08-2024 *\/\n.elementor-widget-image{text-align:center}.elementor-widget-image a{display:inline-block}.elementor-widget-image a img[src$=\".svg\"]{width:48px}.elementor-widget-image img{vertical-align:middle;display:inline-block}<\/style>\t\t\t\t\t\t\t\t\t\t<img fetchpriority=\"high\" decoding=\"async\" width=\"1024\" height=\"683\" src=\"https:\/\/jaimemonbebe.fr\/wp-content\/uploads\/2023\/02\/DSC_2074-1024x683.jpg\" class=\"attachment-large size-large wp-image-1375\" alt=\"\" srcset=\"https:\/\/jaimemonbebe.fr\/wp-content\/uploads\/2023\/02\/DSC_2074-1024x683.jpg 1024w, https:\/\/jaimemonbebe.fr\/wp-content\/uploads\/2023\/02\/DSC_2074-300x200.jpg 300w, https:\/\/jaimemonbebe.fr\/wp-content\/uploads\/2023\/02\/DSC_2074-768x512.jpg 768w, https:\/\/jaimemonbebe.fr\/wp-content\/uploads\/2023\/02\/DSC_2074-1536x1024.jpg 1536w, https:\/\/jaimemonbebe.fr\/wp-content\/uploads\/2023\/02\/DSC_2074-2048x1365.jpg 2048w\" sizes=\"(max-width: 1024px) 100vw, 1024px\" \/>\t\t\t\t\t\t\t\t\t\t\t\t\t<\/div>\n\t\t\t\t<\/div>\n\t\t\t\t<div class=\"elementor-element elementor-element-14ae98f elementor-widget elementor-widget-text-editor\" data-id=\"14ae98f\" data-element_type=\"widget\" data-widget_type=\"text-editor.default\">\n\t\t\t\t<div class=\"elementor-widget-container\">\n\t\t\t<style>\/*! elementor - v3.23.0 - 05-08-2024 *\/\n.elementor-widget-text-editor.elementor-drop-cap-view-stacked .elementor-drop-cap{background-color:#69727d;color:#fff}.elementor-widget-text-editor.elementor-drop-cap-view-framed .elementor-drop-cap{color:#69727d;border:3px solid;background-color:transparent}.elementor-widget-text-editor:not(.elementor-drop-cap-view-default) .elementor-drop-cap{margin-top:8px}.elementor-widget-text-editor:not(.elementor-drop-cap-view-default) .elementor-drop-cap-letter{width:1em;height:1em}.elementor-widget-text-editor .elementor-drop-cap{float:left;text-align:center;line-height:1;font-size:50px}.elementor-widget-text-editor .elementor-drop-cap-letter{display:inline-block}<\/style>\t\t\t\t<p><span style=\"color: #000000;\">Formatrice pour Adultes domaine de la Petite Enfance (ASSMAT,CAP AEPE) Instructrice en massage pour b\u00e9b\u00e9, Auxiliaire de pu\u00e9riculture, Coach alimentaire pour enfant.<\/span><\/p><p><span style=\"color: #000000;\">Auxiliaire de pu\u00e9riculture depuis 23 ans avec deux sp\u00e9cialit\u00e9s en allaitement et coach en alimentation du tout petit. Je suis maman de 4 enfants et mamie d\u2019un petit gar\u00e7on.<\/span><\/p><p>\u00a0<\/p>\t\t\t\t\t\t<\/div>\n\t\t\t\t<\/div>\n\t\t\t\t\t<\/div>\n\t\t<\/div>\n\t\t\t\t<div class=\"elementor-column elementor-col-50 elementor-top-column elementor-element elementor-element-7ea47ed\" data-id=\"7ea47ed\" data-element_type=\"column\">\n\t\t\t<div class=\"elementor-widget-wrap elementor-element-populated\">\n\t\t\t\t\t\t<div class=\"elementor-element elementor-element-e485ec7 elementor-widget elementor-widget-text-editor\" data-id=\"e485ec7\" data-element_type=\"widget\" data-widget_type=\"text-editor.default\">\n\t\t\t\t<div class=\"elementor-widget-container\">\n\t\t\t\t\t\t\t<p><span style=\"color: #000000; font-style: inherit; font-weight: inherit; font-family: var( --e-global-typography-text-font-family ), Sans-serif; background-color: var(--ast-global-color-5);\">Pendant toutes ces ann\u00e9es je n\u2019arr\u00eate pas de me perfectionner sur les besoins des enfants, qui ne cessent d\u2019\u00e9voluer. Mes exp\u00e9riences professionnelles, en maternit\u00e9, au bloc d\u2019accouchement, en unit\u00e9 Kangourou\u00a0 me permet d\u2019allier des comp\u00e9tences\u00a0 et des savoir- faire, des savoir \u00eatre, et un savoir que j\u2019ai besoin de partager.<\/span><\/p><p><span style=\"color: #000000;\">\u00a0<\/span><span style=\"color: #000000; font-style: inherit; font-weight: inherit; font-family: var( --e-global-typography-text-font-family ), Sans-serif; background-color: var(--ast-global-color-5);\">Toutes ces techniques , cette relation rapproch\u00e9e de la m\u00e8re et son enfant me permet aujourd\u2019hui de donner des conseils adapt\u00e9s aux situations de chaque famille.<\/span><\/p><p><span style=\"color: #000000;\">\u00a0<\/span><span style=\"color: #000000; font-style: inherit; font-weight: inherit; font-family: var( --e-global-typography-text-font-family ), Sans-serif; background-color: var(--ast-global-color-5);\">Sachant que notre peau a une m\u00e9moire, n&#8217;est-ce pas le plus beau cadeau que l&#8217;on puisse offrir \u00e0 nos enfants, que de les masser d\u00e8s la naissance?\u00a0<\/span><i style=\"color: #000000; font-weight: inherit; font-family: var( --e-global-typography-text-font-family ), Sans-serif; background-color: var(--ast-global-color-5);\"><b>Devenus adultes, ils seront plus \u00e0 m\u00eame de donner et de recevoir, tendresse\u00a0 s\u00e9curit\u00e9, \u00e9change et pl\u00e9nitude.<\/b><\/i><\/p>\t\t\t\t\t\t<\/div>\n\t\t\t\t<\/div>\n\t\t\t\t\t<\/div>\n\t\t<\/div>\n\t\t\t\t\t<\/div>\n\t\t<\/section>\n\t\t\t\t<\/div>\n\t\t","protected":false},"excerpt":{"rendered":"<p>Brigitte Correa-Dos-Anjos Formatrice pour Adultes domaine de la Petite Enfance (ASSMAT,CAP AEPE) Instructrice en massage pour b\u00e9b\u00e9, Auxiliaire de pu\u00e9riculture, Coach alimentaire pour enfant. Auxiliaire de pu\u00e9riculture depuis 23 ans &hellip;<\/p>\n<p class=\"read-more\"> <a class=\"\" href=\"https:\/\/jaimemonbebe.fr\/index.php\/qui-suis-je\/\"> <span class=\"screen-reader-text\">Qui suis-je ?<\/span> Read More &raquo;<\/a><\/p>\n","protected":false},"author":1,"featured_media":0,"parent":0,"menu_order":0,"comment_status":"closed","ping_status":"closed","template":"elementor_theme","meta":{"_uag_custom_page_level_css":"","site-sidebar-layout":"no-sidebar","site-content-layout":"page-builder","ast-global-header-display":"","ast-main-header-display":"","ast-hfb-above-header-display":"","ast-hfb-below-header-display":"","ast-hfb-mobile-header-display":"","site-post-title":"disabled","ast-breadcrumbs-content":"","ast-featured-img":"disabled","footer-sml-layout":"","theme-transparent-header-meta":"","adv-header-id-meta":"","stick-header-meta":"","header-above-stick-meta":"","header-main-stick-meta":"","header-below-stick-meta":"","_price":"","_stock":"","_tribe_ticket_header":"","_tribe_default_ticket_provider":"","_tribe_ticket_capacity":"0","_ticket_start_date":"","_ticket_end_date":"","_tribe_ticket_show_description":"","_tribe_ticket_show_not_going":false,"_tribe_ticket_use_global_stock":"","_tribe_ticket_global_stock_level":"","_global_stock_mode":"","_global_stock_cap":"","_tribe_rsvp_for_event":"","_tribe_ticket_going_count":"","_tribe_ticket_not_going_count":"","_tribe_tickets_list":[],"_tribe_ticket_has_attendee_info_fields":false},"uagb_featured_image_src":{"full":false,"thumbnail":false,"medium":false,"medium_large":false,"large":false,"1536x1536":false,"2048x2048":false},"uagb_author_info":{"display_name":"jaimemonbebe971","author_link":"https:\/\/jaimemonbebe.fr\/index.php\/author\/jaimemonbebe971\/"},"uagb_comment_info":0,"uagb_excerpt":"Brigitte Correa-Dos-Anjos Formatrice pour Adultes domaine de la Petite Enfance (ASSMAT,CAP AEPE) Instructrice en massage pour b\u00e9b\u00e9, Auxiliaire de pu\u00e9riculture, Coach alimentaire pour enfant. Auxiliaire de pu\u00e9riculture depuis 23 ans &hellip; Qui suis-je ? Read More &raquo;","ticketed":false,"_links":{"self":[{"href":"https:\/\/jaimemonbebe.fr\/index.php\/wp-json\/wp\/v2\/pages\/898"}],"collection":[{"href":"https:\/\/jaimemonbebe.fr\/index.php\/wp-json\/wp\/v2\/pages"}],"about":[{"href":"https:\/\/jaimemonbebe.fr\/index.php\/wp-json\/wp\/v2\/types\/page"}],"author":[{"embeddable":true,"href":"https:\/\/jaimemonbebe.fr\/index.php\/wp-json\/wp\/v2\/users\/1"}],"replies":[{"embeddable":true,"href":"https:\/\/jaimemonbebe.fr\/index.php\/wp-json\/wp\/v2\/comments?post=898"}],"version-history":[{"count":28,"href":"https:\/\/jaimemonbebe.fr\/index.php\/wp-json\/wp\/v2\/pages\/898\/revisions"}],"predecessor-version":[{"id":1423,"href":"https:\/\/jaimemonbebe.fr\/index.php\/wp-json\/wp\/v2\/pages\/898\/revisions\/1423"}],"wp:attachment":[{"href":"https:\/\/jaimemonbebe.fr\/index.php\/wp-json\/wp\/v2\/media?parent=898"}],"curies":[{"name":"wp","href":"https:\/\/api.w.org\/{rel}","templated":true}]}}