{"id":903,"date":"2023-02-08T20:44:08","date_gmt":"2023-02-08T19:44:08","guid":{"rendered":"https:\/\/jaimemonbebe.fr\/?page_id=903"},"modified":"2023-02-09T20:28:37","modified_gmt":"2023-02-09T19:28:37","slug":"bienfaits","status":"publish","type":"page","link":"https:\/\/jaimemonbebe.fr\/index.php\/bienfaits\/","title":{"rendered":"Bienfaits"},"content":{"rendered":"\t\t<div data-elementor-type=\"wp-page\" data-elementor-id=\"903\" class=\"elementor elementor-903\">\n\t\t\t\t\t\t<section class=\"elementor-section elementor-top-section elementor-element elementor-element-c232b33 elementor-section-boxed elementor-section-height-default elementor-section-height-default\" data-id=\"c232b33\" data-element_type=\"section\">\n\t\t\t\t\t\t<div class=\"elementor-container elementor-column-gap-default\">\n\t\t\t\t\t<div class=\"elementor-column elementor-col-100 elementor-top-column elementor-element elementor-element-c43ef25\" data-id=\"c43ef25\" data-element_type=\"column\">\n\t\t\t<div class=\"elementor-widget-wrap elementor-element-populated\">\n\t\t\t\t\t\t<div class=\"elementor-element elementor-element-51f7af4 elementor-absolute elementor-widget elementor-widget-heading\" data-id=\"51f7af4\" data-element_type=\"widget\" data-settings=\"{&quot;_position&quot;:&quot;absolute&quot;}\" data-widget_type=\"heading.default\">\n\t\t\t\t<div class=\"elementor-widget-container\">\n\t\t\t<style>\/*! elementor - v3.23.0 - 05-08-2024 *\/\n.elementor-heading-title{padding:0;margin:0;line-height:1}.elementor-widget-heading .elementor-heading-title[class*=elementor-size-]>a{color:inherit;font-size:inherit;line-height:inherit}.elementor-widget-heading .elementor-heading-title.elementor-size-small{font-size:15px}.elementor-widget-heading .elementor-heading-title.elementor-size-medium{font-size:19px}.elementor-widget-heading .elementor-heading-title.elementor-size-large{font-size:29px}.elementor-widget-heading .elementor-heading-title.elementor-size-xl{font-size:39px}.elementor-widget-heading .elementor-heading-title.elementor-size-xxl{font-size:59px}<\/style><h1 class=\"elementor-heading-title elementor-size-medium\">COMPLICITE AVEC SON BEBE<\/h1>\t\t<\/div>\n\t\t\t\t<\/div>\n\t\t\t\t<div class=\"elementor-element elementor-element-5b245d7 elementor-widget elementor-widget-image\" data-id=\"5b245d7\" data-element_type=\"widget\" data-widget_type=\"image.default\">\n\t\t\t\t<div class=\"elementor-widget-container\">\n\t\t\t<style>\/*! elementor - v3.23.0 - 05-08-2024 *\/\n.elementor-widget-image{text-align:center}.elementor-widget-image a{display:inline-block}.elementor-widget-image a img[src$=\".svg\"]{width:48px}.elementor-widget-image img{vertical-align:middle;display:inline-block}<\/style>\t\t\t\t\t\t\t\t\t\t<img fetchpriority=\"high\" decoding=\"async\" width=\"612\" height=\"344\" src=\"https:\/\/jaimemonbebe.fr\/wp-content\/uploads\/2023\/02\/photo-bebe-1.jpg\" class=\"attachment-full size-full wp-image-426\" alt=\"\" srcset=\"https:\/\/jaimemonbebe.fr\/wp-content\/uploads\/2023\/02\/photo-bebe-1.jpg 612w, https:\/\/jaimemonbebe.fr\/wp-content\/uploads\/2023\/02\/photo-bebe-1-300x169.jpg 300w\" sizes=\"(max-width: 612px) 100vw, 612px\" \/>\t\t\t\t\t\t\t\t\t\t\t\t\t<\/div>\n\t\t\t\t<\/div>\n\t\t\t\t\t<\/div>\n\t\t<\/div>\n\t\t\t\t\t<\/div>\n\t\t<\/section>\n\t\t\t\t<section class=\"elementor-section elementor-top-section elementor-element elementor-element-339acbb elementor-section-boxed elementor-section-height-default elementor-section-height-default\" data-id=\"339acbb\" data-element_type=\"section\">\n\t\t\t\t\t\t<div class=\"elementor-container elementor-column-gap-default\">\n\t\t\t\t\t<div class=\"elementor-column elementor-col-50 elementor-top-column elementor-element elementor-element-d917a38\" data-id=\"d917a38\" data-element_type=\"column\">\n\t\t\t<div class=\"elementor-widget-wrap elementor-element-populated\">\n\t\t\t\t\t\t<div class=\"elementor-element elementor-element-b8f6b74 elementor-flip-box--effect-flip elementor-flip-box--direction-up elementor-widget elementor-widget-flip-box\" data-id=\"b8f6b74\" data-element_type=\"widget\" data-widget_type=\"flip-box.default\">\n\t\t\t\t<div class=\"elementor-widget-container\">\n\t\t\t<style>\/*! elementor-pro - v3.10.3 - 29-01-2023 *\/\n.elementor-flip-box{height:280px;position:relative;perspective:1000px;transform-style:preserve-3d}@media (max-device-width:1024px){.elementor-flip-box{cursor:pointer}}.elementor-flip-box__front{background-color:#1abc9c}.elementor-flip-box__back{background-color:#4054b2;display:block}.elementor-flip-box__layer{position:absolute;width:100%;height:100%;transition:all .6s ease-in-out}.elementor-flip-box__layer__overlay{display:flex;width:100%;height:100%;flex-direction:column;justify-content:center;align-items:stretch;text-align:center;padding:35px;color:#fff}.elementor-flip-box__layer__title{font-size:21px}.elementor-flip-box__layer__description{font-size:14px}.elementor-flip-box__layer__description:not(:last-child),.elementor-flip-box__layer__title:not(:last-child){margin:0 0 20px;padding:0}.elementor-flip-box__layer__title{line-height:1;font-weight:600}.elementor-flip-box,.elementor-flip-box .elementor-view-framed,.elementor-flip-box .elementor-view-stacked{--e-flip-box-view-framed-stacked-icon-color:#fff}.elementor-flip-box .elementor-icon,.elementor-flip-box .elementor-view-framed .elementor-icon,.elementor-flip-box .elementor-view-stacked .elementor-icon{color:var(--e-flip-box-view-framed-stacked-icon-color)}.elementor-flip-box .elementor-icon svg,.elementor-flip-box .elementor-view-framed .elementor-icon svg,.elementor-flip-box .elementor-view-stacked .elementor-icon svg{fill:var(--e-flip-box-view-framed-stacked-icon-color)}.elementor-flip-box .elementor-view-framed .elementor-icon{border-color:#fff}.elementor-flip-box .elementor-view-stacked .elementor-icon{background-color:rgba(0,0,0,.5)}.elementor-flip-box__button.elementor-button{cursor:pointer;align-self:center;margin-left:auto;margin-right:auto;border:2px solid #fff;background:transparent}.elementor-flip-box__button.elementor-button:hover{background:transparent;text-decoration:none}.elementor-flip-box__image{margin:0 0 20px;display:inline-block;width:100%}.elementor-flip-box__image img{width:50%}.elementor-flip-box .elementor-icon-wrapper{margin-bottom:20px}.elementor-flip-box--3d .elementor-flip-box__layer__inner{transform:translateZ(90px) scale(.91)}.elementor-flip-box--3d .elementor-flip-box__layer__overlay{transform-style:preserve-3d;transform:translateZ(.1px)}.elementor-flip-box--effect-flip .elementor-flip-box{perspective:1000px;transform-style:preserve-3d}.elementor-flip-box--effect-flip .elementor-flip-box__layer{transform-style:preserve-3d;backface-visibility:hidden}.elementor-flip-box--effect-flip .elementor-flip-box__front{transform:none;z-index:1}.elementor-flip-box--effect-flip .elementor-flip-box:hover .elementor-flip-box__back{transform:none}.elementor-flip-box--effect-flip.elementor-flip-box--direction-right .elementor-flip-box__back{transform:rotateX(0) rotateY(-180deg)}.elementor-flip-box--effect-flip.elementor-flip-box--direction-left .elementor-flip-box__back,.elementor-flip-box--effect-flip.elementor-flip-box--direction-right .elementor-flip-box:hover .elementor-flip-box__front{transform:rotateX(0) rotateY(180deg)}.elementor-flip-box--effect-flip.elementor-flip-box--direction-left .elementor-flip-box:hover .elementor-flip-box__front{transform:rotateX(0) rotateY(-180deg)}.elementor-flip-box--effect-flip.elementor-flip-box--direction-up .elementor-flip-box__back{transform:rotateX(-180deg) rotateY(0)}.elementor-flip-box--effect-flip.elementor-flip-box--direction-down .elementor-flip-box__back,.elementor-flip-box--effect-flip.elementor-flip-box--direction-up .elementor-flip-box:hover .elementor-flip-box__front{transform:rotateX(180deg) rotateY(0)}.elementor-flip-box--effect-flip.elementor-flip-box--direction-down .elementor-flip-box:hover .elementor-flip-box__front{transform:rotateX(-180deg) rotateY(0)}.elementor-flip-box--effect-push .elementor-flip-box__front{transform:none}.elementor-flip-box--effect-push.elementor-flip-box--direction-right .elementor-flip-box:hover .elementor-flip-box__front{transform:translateX(100%) translateY(0)}.elementor-flip-box--effect-push.elementor-flip-box--direction-left .elementor-flip-box:hover .elementor-flip-box__front{transform:translateX(-100%) translateY(0)}.elementor-flip-box--effect-push.elementor-flip-box--direction-up .elementor-flip-box:hover .elementor-flip-box__front{transform:translateX(0) translateY(-100%)}.elementor-flip-box--effect-push.elementor-flip-box--direction-down .elementor-flip-box:hover .elementor-flip-box__front{transform:translateX(0) translateY(100%)}.elementor-flip-box--effect-push .elementor-flip-box,.elementor-flip-box--effect-slide .elementor-flip-box{overflow:hidden}.elementor-flip-box--effect-push .elementor-flip-box:hover .elementor-flip-box__back,.elementor-flip-box--effect-slide .elementor-flip-box:hover .elementor-flip-box__back{transform:none}.elementor-flip-box--effect-push.elementor-flip-box--direction-right .elementor-flip-box__back,.elementor-flip-box--effect-slide.elementor-flip-box--direction-right .elementor-flip-box__back{transform:translateX(-100%) translateY(0)}.elementor-flip-box--effect-push.elementor-flip-box--direction-left .elementor-flip-box__back,.elementor-flip-box--effect-slide.elementor-flip-box--direction-left .elementor-flip-box__back{transform:translateX(100%) translateY(0)}.elementor-flip-box--effect-push.elementor-flip-box--direction-up .elementor-flip-box__back,.elementor-flip-box--effect-slide.elementor-flip-box--direction-up .elementor-flip-box__back{transform:translateX(0) translateY(100%)}.elementor-flip-box--effect-push.elementor-flip-box--direction-down .elementor-flip-box__back,.elementor-flip-box--effect-slide.elementor-flip-box--direction-down .elementor-flip-box__back{transform:translateX(0) translateY(-100%)}.elementor-flip-box--effect-zoom-out .elementor-flip-box .elementor-flip-box__front{transition:transform .7s,opacity .35s,width .1ms;opacity:1;transform:scale(1);z-index:1;width:100%}.elementor-flip-box--effect-zoom-out .elementor-flip-box:hover .elementor-flip-box__front{width:0;opacity:0;transform:scale(.7);transition:transform .8s,opacity .7s .1s,width .1ms .7s}.elementor-flip-box--effect-zoom-in .elementor-flip-box .elementor-flip-box__back{transition:transform .7s,opacity .5s .2s;opacity:0;transform:scale(.7)}.elementor-flip-box--effect-zoom-in .elementor-flip-box:hover .elementor-flip-box__back{transition:transform .7s,opacity .5s;opacity:1;transform:scale(1)}.elementor-flip-box--effect-fade .elementor-flip-box .elementor-flip-box__back{opacity:0}.elementor-flip-box--effect-fade .elementor-flip-box:hover .elementor-flip-box__back{opacity:1}.elementor-widget-flip-box.elementor-flip-box--flipped .elementor-widget-container .elementor-flip-box__front{display:none}.elementor-widget-flip-box.elementor-flip-box--flipped .elementor-widget-container .elementor-flip-box__back{transform:none;opacity:1}.e-con-inner>.elementor-widget-flip-box,.e-con>.elementor-widget-flip-box{width:var(--container-widget-width);--flex-grow:var(--container-widget-flex-grow)}<\/style>\t\t<div class=\"elementor-flip-box\">\n\t\t\t<div class=\"elementor-flip-box__layer elementor-flip-box__front\">\n\t\t\t\t<div class=\"elementor-flip-box__layer__overlay\">\n\t\t\t\t\t<div class=\"elementor-flip-box__layer__inner\">\n\t\t\t\t\t\t\t\t\t\t\t\t\t<div class=\"elementor-icon-wrapper elementor-view-default\">\n\t\t\t\t\t\t\t\t<div class=\"elementor-icon\">\n\t\t\t\t\t\t\t\t\t<i class=\"fas fa-star\"><\/i>\t\t\t\t\t\t\t\t<\/div>\n\t\t\t\t\t\t\t<\/div>\n\t\t\t\t\t\t\n\t\t\t\t\t\t\t\t\t\t\t\t\t<h3 class=\"elementor-flip-box__layer__title\">\n\t\t\t\t\t\t\t\tPour le b\u00e9b\u00e9 :\t\t\t\t\t\t\t<\/h3>\n\t\t\t\t\t\t\n\t\t\t\t\t\t\t\t\t\t\t<\/div>\n\t\t\t\t<\/div>\n\t\t\t<\/div>\n\t\t\t<div class=\"elementor-flip-box__layer elementor-flip-box__back\">\n\t\t\t<div class=\"elementor-flip-box__layer__overlay\">\n\t\t\t\t<div class=\"elementor-flip-box__layer__inner\">\n\t\t\t\t\t\n\t\t\t\t\t\t\t\t\t\t\t<div class=\"elementor-flip-box__layer__description\">\n\t\t\t\t\t\t\t\u2022 Renforce la relation avec ses parents\n\n\u2022 Favorise la communication\n\n\u2022 R\u00e9duit son taux d\u2019hormones de stress\n\n\u2022 D\u00e9veloppe la confiance en soi\n\n\u2022 Stimule et fortifie les syst\u00e8mes circulatoires, digestif, respiratoire, musculaire, immunitaire, nerveux\u2026\n\n\u2022 Soulage certains petits maux (coliques, constipation, pouss\u00e9es dentaires)\n\n\u2022 D\u00e9veloppe la conscience du sch\u00e9ma corporel\n\n\u2022 Am\u00e9liore le sommeil\n\n\u2022 Optimise sa d\u00e9tente et son bien \u00eatre\t\t\t\t\t\t<\/div>\n\t\t\t\t\t\n\t\t\t\t\t\t\t\t<\/div>\n\t\t<\/div>\n\t\t<\/div>\n\t\t<\/div>\n\t\t\t\t<\/div>\n\t\t\t\t<\/div>\n\t\t\t\t\t<\/div>\n\t\t<\/div>\n\t\t\t\t<div class=\"elementor-column elementor-col-50 elementor-top-column elementor-element elementor-element-0a2ff15\" data-id=\"0a2ff15\" data-element_type=\"column\">\n\t\t\t<div class=\"elementor-widget-wrap elementor-element-populated\">\n\t\t\t\t\t\t<div class=\"elementor-element elementor-element-26a4fae elementor-flip-box--effect-flip elementor-flip-box--direction-up elementor-widget elementor-widget-flip-box\" data-id=\"26a4fae\" data-element_type=\"widget\" data-widget_type=\"flip-box.default\">\n\t\t\t\t<div class=\"elementor-widget-container\">\n\t\t\t\t\t<div class=\"elementor-flip-box\">\n\t\t\t<div class=\"elementor-flip-box__layer elementor-flip-box__front\">\n\t\t\t\t<div class=\"elementor-flip-box__layer__overlay\">\n\t\t\t\t\t<div class=\"elementor-flip-box__layer__inner\">\n\t\t\t\t\t\t\t\t\t\t\t\t\t<div class=\"elementor-icon-wrapper elementor-view-default\">\n\t\t\t\t\t\t\t\t<div class=\"elementor-icon\">\n\t\t\t\t\t\t\t\t\t<i class=\"fas fa-star\"><\/i>\t\t\t\t\t\t\t\t<\/div>\n\t\t\t\t\t\t\t<\/div>\n\t\t\t\t\t\t\n\t\t\t\t\t\t\t\t\t\t\t\t\t<h3 class=\"elementor-flip-box__layer__title\">\n\t\t\t\t\t\t\t\tPour les parents :\t\t\t\t\t\t\t<\/h3>\n\t\t\t\t\t\t\n\t\t\t\t\t\t\t\t\t\t\t<\/div>\n\t\t\t\t<\/div>\n\t\t\t<\/div>\n\t\t\t<div class=\"elementor-flip-box__layer elementor-flip-box__back\">\n\t\t\t<div class=\"elementor-flip-box__layer__overlay\">\n\t\t\t\t<div class=\"elementor-flip-box__layer__inner\">\n\t\t\t\t\t\n\t\t\t\t\t\t\t\t\t\t\t<div class=\"elementor-flip-box__layer__description\">\n\t\t\t\t\t\t\t\u2022 Permet de vivre un moment d\u2019\u00e9change et de complicit\u00e9 avec son b\u00e9b\u00e9\n\n\u2022 Aide \u00e0 mieux comprendre les d\u00e9sirs et les besoins du b\u00e9b\u00e9, \u00e0 comprendre son langage corporel\n\n\u2022 D\u00e9veloppe et renforce le lien d\u2019attachement parent-b\u00e9b\u00e9\n\n\u2022 Permet d\u2019\u00e9changer avec d\u2019autres parents\t\t\t\t\t\t<\/div>\n\t\t\t\t\t\n\t\t\t\t\t\t\t\t<\/div>\n\t\t<\/div>\n\t\t<\/div>\n\t\t<\/div>\n\t\t\t\t<\/div>\n\t\t\t\t<\/div>\n\t\t\t\t\t<\/div>\n\t\t<\/div>\n\t\t\t\t\t<\/div>\n\t\t<\/section>\n\t\t\t\t<section class=\"elementor-section elementor-top-section elementor-element elementor-element-4f92665 elementor-section-boxed elementor-section-height-default elementor-section-height-default\" data-id=\"4f92665\" data-element_type=\"section\">\n\t\t\t\t\t\t<div class=\"elementor-container elementor-column-gap-default\">\n\t\t\t\t\t<div class=\"elementor-column elementor-col-33 elementor-top-column elementor-element elementor-element-a36d2bb\" data-id=\"a36d2bb\" data-element_type=\"column\">\n\t\t\t<div class=\"elementor-widget-wrap elementor-element-populated\">\n\t\t\t\t\t\t<div class=\"elementor-element elementor-element-38976dc elementor-cta--skin-classic elementor-animated-content elementor-bg-transform elementor-bg-transform-zoom-in elementor-widget elementor-widget-call-to-action\" data-id=\"38976dc\" data-element_type=\"widget\" data-widget_type=\"call-to-action.default\">\n\t\t\t\t<div class=\"elementor-widget-container\">\n\t\t\t<link rel=\"stylesheet\" href=\"https:\/\/jaimemonbebe.fr\/wp-content\/plugins\/elementor-pro\/assets\/css\/widget-call-to-action.min.css\">\t\t<div class=\"elementor-cta\">\n\t\t\t\t\t<div class=\"elementor-cta__bg-wrapper\">\n\t\t\t\t<div class=\"elementor-cta__bg elementor-bg\" style=\"background-image: url(https:\/\/jaimemonbebe.fr\/wp-content\/uploads\/2023\/02\/baby-child-kid-girl.webp);\"><\/div>\n\t\t\t\t<div class=\"elementor-cta__bg-overlay\"><\/div>\n\t\t\t<\/div>\n\t\t\t\t\t\t\t<div class=\"elementor-cta__content\">\n\t\t\t\t\n\t\t\t\t<h3 class=\"elementor-cta__title elementor-cta__content-item elementor-content-item\">Le premier sens<\/h3>\n\t\t\t\t\t\t\t\t\t<div class=\"elementor-cta__description elementor-cta__content-item elementor-content-item\">\n\t\t\t\t\t\tLe toucher est le 1er sens \u00e0 se d\u00e9velopper in ut\u00e9ro et le dernier \u00e0 s\u2019\u00e9teindre avant notre mort. La peau est notre plus grand organe et la premi\u00e8re et la plus importante connexion de l\u2019\u00eatre humain avec son\n\nenvironnement.\n\n\t\t\t\t\t<\/div>\n\t\t\t\t\n\t\t\t\t\t\t\t<\/div>\n\t\t\t\t\t\t<\/div>\n\t\t\t\t<\/div>\n\t\t\t\t<\/div>\n\t\t\t\t\t<\/div>\n\t\t<\/div>\n\t\t\t\t<div class=\"elementor-column elementor-col-33 elementor-top-column elementor-element elementor-element-994bf2a\" data-id=\"994bf2a\" data-element_type=\"column\">\n\t\t\t<div class=\"elementor-widget-wrap elementor-element-populated\">\n\t\t\t\t\t\t<div class=\"elementor-element elementor-element-6226abe elementor-cta--skin-classic elementor-animated-content elementor-bg-transform elementor-bg-transform-zoom-in elementor-widget elementor-widget-call-to-action\" data-id=\"6226abe\" data-element_type=\"widget\" data-widget_type=\"call-to-action.default\">\n\t\t\t\t<div class=\"elementor-widget-container\">\n\t\t\t\t\t<div class=\"elementor-cta\">\n\t\t\t\t\t<div class=\"elementor-cta__bg-wrapper\">\n\t\t\t\t<div class=\"elementor-cta__bg elementor-bg\" style=\"background-image: url(https:\/\/jaimemonbebe.fr\/wp-content\/uploads\/2023\/02\/massaga-bebe-cours-1024x444.jpg);\"><\/div>\n\t\t\t\t<div class=\"elementor-cta__bg-overlay\"><\/div>\n\t\t\t<\/div>\n\t\t\t\t\t\t\t<div class=\"elementor-cta__content\">\n\t\t\t\t\n\t\t\t\t<h3 class=\"elementor-cta__title elementor-cta__content-item elementor-content-item\">Un besoin fondamental<\/h3>\n\t\t\t\t\t\t\t\t\t<div class=\"elementor-cta__description elementor-cta__content-item elementor-content-item\">\n\t\t\t\t\t\t\u00ab Les humains ne peuvent survivre sans le toucher, c\u2019est un besoin fondamental \u00bb explique le Dr Ashley Montagu, c\u00e9l\u00e8bre anthropologue dans son livre \u00ab La peau et le toucher, un premier langage \u00bb\t\t\t\t\t<\/div>\n\t\t\t\t\n\t\t\t\t\t\t\t<\/div>\n\t\t\t\t\t\t<\/div>\n\t\t\t\t<\/div>\n\t\t\t\t<\/div>\n\t\t\t\t\t<\/div>\n\t\t<\/div>\n\t\t\t\t<div class=\"elementor-column elementor-col-33 elementor-top-column elementor-element elementor-element-83f0a8f\" data-id=\"83f0a8f\" data-element_type=\"column\">\n\t\t\t<div class=\"elementor-widget-wrap elementor-element-populated\">\n\t\t\t\t\t\t<div class=\"elementor-element elementor-element-7e35728 elementor-cta--skin-classic elementor-animated-content elementor-bg-transform elementor-bg-transform-zoom-in elementor-widget elementor-widget-call-to-action\" data-id=\"7e35728\" data-element_type=\"widget\" data-widget_type=\"call-to-action.default\">\n\t\t\t\t<div class=\"elementor-widget-container\">\n\t\t\t\t\t<div class=\"elementor-cta\">\n\t\t\t\t\t<div class=\"elementor-cta__bg-wrapper\">\n\t\t\t\t<div class=\"elementor-cta__bg elementor-bg\" style=\"background-image: url(https:\/\/jaimemonbebe.fr\/wp-content\/uploads\/2023\/02\/pexels-photo.webp);\"><\/div>\n\t\t\t\t<div class=\"elementor-cta__bg-overlay\"><\/div>\n\t\t\t<\/div>\n\t\t\t\t\t\t\t<div class=\"elementor-cta__content\">\n\t\t\t\t\n\t\t\t\t<h3 class=\"elementor-cta__title elementor-cta__content-item elementor-content-item\">La relation parent-b\u00e9b\u00e9<\/h3>\n\t\t\t\t\t\t\t\t\t<div class=\"elementor-cta__description elementor-cta__content-item elementor-content-item\">\n\t\t\t\t\t\tLe massage est un outil pour renforcer les liens, afin de r\u00e9pondre de mani\u00e8re adapt\u00e9e aux besoins du b\u00e9b\u00e9. Notre programme international pr\u00e9sente tous les \u00e9l\u00e9ments pour faciliter cette relation avec b\u00e9b\u00e9, en particulier dans un contexte de vuln\u00e9rabilit\u00e9.\t\t\t\t\t<\/div>\n\t\t\t\t\n\t\t\t\t\t\t\t<\/div>\n\t\t\t\t\t\t<\/div>\n\t\t\t\t<\/div>\n\t\t\t\t<\/div>\n\t\t\t\t\t<\/div>\n\t\t<\/div>\n\t\t\t\t\t<\/div>\n\t\t<\/section>\n\t\t\t\t<\/div>\n\t\t","protected":false},"excerpt":{"rendered":"<p>COMPLICITE AVEC SON BEBE Pour le b\u00e9b\u00e9 : \u2022 Renforce la relation avec ses parents \u2022 Favorise la communication \u2022 R\u00e9duit son taux d\u2019hormones de stress \u2022 D\u00e9veloppe la confiance &hellip;<\/p>\n<p class=\"read-more\"> <a class=\"\" href=\"https:\/\/jaimemonbebe.fr\/index.php\/bienfaits\/\"> <span class=\"screen-reader-text\">Bienfaits<\/span> Read More &raquo;<\/a><\/p>\n","protected":false},"author":1,"featured_media":0,"parent":0,"menu_order":0,"comment_status":"closed","ping_status":"closed","template":"elementor_theme","meta":{"_uag_custom_page_level_css":"","site-sidebar-layout":"no-sidebar","site-content-layout":"page-builder","ast-global-header-display":"","ast-main-header-display":"","ast-hfb-above-header-display":"","ast-hfb-below-header-display":"","ast-hfb-mobile-header-display":"","site-post-title":"disabled","ast-breadcrumbs-content":"","ast-featured-img":"disabled","footer-sml-layout":"","theme-transparent-header-meta":"","adv-header-id-meta":"","stick-header-meta":"","header-above-stick-meta":"","header-main-stick-meta":"","header-below-stick-meta":"","_price":"","_stock":"","_tribe_ticket_header":"","_tribe_default_ticket_provider":"","_tribe_ticket_capacity":"0","_ticket_start_date":"","_ticket_end_date":"","_tribe_ticket_show_description":"","_tribe_ticket_show_not_going":false,"_tribe_ticket_use_global_stock":"","_tribe_ticket_global_stock_level":"","_global_stock_mode":"","_global_stock_cap":"","_tribe_rsvp_for_event":"","_tribe_ticket_going_count":"","_tribe_ticket_not_going_count":"","_tribe_tickets_list":[],"_tribe_ticket_has_attendee_info_fields":false},"uagb_featured_image_src":{"full":false,"thumbnail":false,"medium":false,"medium_large":false,"large":false,"1536x1536":false,"2048x2048":false},"uagb_author_info":{"display_name":"jaimemonbebe971","author_link":"https:\/\/jaimemonbebe.fr\/index.php\/author\/jaimemonbebe971\/"},"uagb_comment_info":0,"uagb_excerpt":"COMPLICITE AVEC SON BEBE Pour le b\u00e9b\u00e9 : \u2022 Renforce la relation avec ses parents \u2022 Favorise la communication \u2022 R\u00e9duit son taux d\u2019hormones de stress \u2022 D\u00e9veloppe la confiance &hellip; Bienfaits Read More &raquo;","ticketed":false,"_links":{"self":[{"href":"https:\/\/jaimemonbebe.fr\/index.php\/wp-json\/wp\/v2\/pages\/903"}],"collection":[{"href":"https:\/\/jaimemonbebe.fr\/index.php\/wp-json\/wp\/v2\/pages"}],"about":[{"href":"https:\/\/jaimemonbebe.fr\/index.php\/wp-json\/wp\/v2\/types\/page"}],"author":[{"embeddable":true,"href":"https:\/\/jaimemonbebe.fr\/index.php\/wp-json\/wp\/v2\/users\/1"}],"replies":[{"embeddable":true,"href":"https:\/\/jaimemonbebe.fr\/index.php\/wp-json\/wp\/v2\/comments?post=903"}],"version-history":[{"count":75,"href":"https:\/\/jaimemonbebe.fr\/index.php\/wp-json\/wp\/v2\/pages\/903\/revisions"}],"predecessor-version":[{"id":1247,"href":"https:\/\/jaimemonbebe.fr\/index.php\/wp-json\/wp\/v2\/pages\/903\/revisions\/1247"}],"wp:attachment":[{"href":"https:\/\/jaimemonbebe.fr\/index.php\/wp-json\/wp\/v2\/media?parent=903"}],"curies":[{"name":"wp","href":"https:\/\/api.w.org\/{rel}","templated":true}]}}