{"id":905,"date":"2023-02-08T20:44:21","date_gmt":"2023-02-08T19:44:21","guid":{"rendered":"https:\/\/jaimemonbebe.fr\/?page_id=905"},"modified":"2023-02-10T15:47:09","modified_gmt":"2023-02-10T14:47:09","slug":"tarifs","status":"publish","type":"page","link":"https:\/\/jaimemonbebe.fr\/index.php\/tarifs\/","title":{"rendered":"Tarifs"},"content":{"rendered":"\t\t<div data-elementor-type=\"wp-page\" data-elementor-id=\"905\" class=\"elementor elementor-905\">\n\t\t\t\t\t\t<section class=\"elementor-section elementor-top-section elementor-element elementor-element-a84c495 elementor-section-boxed elementor-section-height-default elementor-section-height-default\" data-id=\"a84c495\" data-element_type=\"section\">\n\t\t\t\t\t\t<div class=\"elementor-container elementor-column-gap-default\">\n\t\t\t\t\t<div class=\"elementor-column elementor-col-100 elementor-top-column elementor-element elementor-element-911eb33\" data-id=\"911eb33\" data-element_type=\"column\">\n\t\t\t<div class=\"elementor-widget-wrap elementor-element-populated\">\n\t\t\t\t\t\t<div class=\"elementor-element elementor-element-58b020d elementor-widget elementor-widget-image\" data-id=\"58b020d\" data-element_type=\"widget\" data-widget_type=\"image.default\">\n\t\t\t\t<div class=\"elementor-widget-container\">\n\t\t\t<style>\/*! elementor - v3.23.0 - 05-08-2024 *\/\n.elementor-widget-image{text-align:center}.elementor-widget-image a{display:inline-block}.elementor-widget-image a img[src$=\".svg\"]{width:48px}.elementor-widget-image img{vertical-align:middle;display:inline-block}<\/style>\t\t\t\t\t\t\t\t\t\t<img fetchpriority=\"high\" decoding=\"async\" width=\"768\" height=\"512\" src=\"https:\/\/jaimemonbebe.fr\/wp-content\/uploads\/2023\/02\/Bebe-qui-sourie-768x512.jpg\" class=\"attachment-medium_large size-medium_large wp-image-445\" alt=\"\" srcset=\"https:\/\/jaimemonbebe.fr\/wp-content\/uploads\/2023\/02\/Bebe-qui-sourie-768x512.jpg 768w, https:\/\/jaimemonbebe.fr\/wp-content\/uploads\/2023\/02\/Bebe-qui-sourie-300x200.jpg 300w, https:\/\/jaimemonbebe.fr\/wp-content\/uploads\/2023\/02\/Bebe-qui-sourie-1024x683.jpg 1024w, https:\/\/jaimemonbebe.fr\/wp-content\/uploads\/2023\/02\/Bebe-qui-sourie-1536x1024.jpg 1536w, https:\/\/jaimemonbebe.fr\/wp-content\/uploads\/2023\/02\/Bebe-qui-sourie-2048x1366.jpg 2048w\" sizes=\"(max-width: 768px) 100vw, 768px\" \/>\t\t\t\t\t\t\t\t\t\t\t\t\t<\/div>\n\t\t\t\t<\/div>\n\t\t\t\t\t<\/div>\n\t\t<\/div>\n\t\t\t\t\t<\/div>\n\t\t<\/section>\n\t\t\t\t<section class=\"elementor-section elementor-top-section elementor-element elementor-element-05fc394 elementor-section-boxed elementor-section-height-default elementor-section-height-default\" data-id=\"05fc394\" data-element_type=\"section\">\n\t\t\t\t\t\t<div class=\"elementor-container elementor-column-gap-default\">\n\t\t\t\t\t<div class=\"elementor-column elementor-col-100 elementor-top-column elementor-element elementor-element-31708cd\" data-id=\"31708cd\" data-element_type=\"column\">\n\t\t\t<div class=\"elementor-widget-wrap elementor-element-populated\">\n\t\t\t\t\t\t<div class=\"elementor-element elementor-element-521e694 elementor-widget elementor-widget-heading\" data-id=\"521e694\" data-element_type=\"widget\" data-widget_type=\"heading.default\">\n\t\t\t\t<div class=\"elementor-widget-container\">\n\t\t\t<style>\/*! elementor - v3.23.0 - 05-08-2024 *\/\n.elementor-heading-title{padding:0;margin:0;line-height:1}.elementor-widget-heading .elementor-heading-title[class*=elementor-size-]>a{color:inherit;font-size:inherit;line-height:inherit}.elementor-widget-heading .elementor-heading-title.elementor-size-small{font-size:15px}.elementor-widget-heading .elementor-heading-title.elementor-size-medium{font-size:19px}.elementor-widget-heading .elementor-heading-title.elementor-size-large{font-size:29px}.elementor-widget-heading .elementor-heading-title.elementor-size-xl{font-size:39px}.elementor-widget-heading .elementor-heading-title.elementor-size-xxl{font-size:59px}<\/style><h2 class=\"elementor-heading-title elementor-size-default\">TARIFS<\/h2>\t\t<\/div>\n\t\t\t\t<\/div>\n\t\t\t\t\t<\/div>\n\t\t<\/div>\n\t\t\t\t\t<\/div>\n\t\t<\/section>\n\t\t\t\t<section class=\"elementor-section elementor-top-section elementor-element elementor-element-05de733 elementor-section-boxed elementor-section-height-default elementor-section-height-default\" data-id=\"05de733\" data-element_type=\"section\">\n\t\t\t\t\t\t<div class=\"elementor-container elementor-column-gap-default\">\n\t\t\t\t\t<div class=\"elementor-column elementor-col-100 elementor-top-column elementor-element elementor-element-8546fe9\" data-id=\"8546fe9\" data-element_type=\"column\">\n\t\t\t<div class=\"elementor-widget-wrap elementor-element-populated\">\n\t\t\t\t\t\t<div class=\"elementor-element elementor-element-3e66148 elementor-widget elementor-widget-text-editor\" data-id=\"3e66148\" data-element_type=\"widget\" data-widget_type=\"text-editor.default\">\n\t\t\t\t<div class=\"elementor-widget-container\">\n\t\t\t<style>\/*! elementor - v3.23.0 - 05-08-2024 *\/\n.elementor-widget-text-editor.elementor-drop-cap-view-stacked .elementor-drop-cap{background-color:#69727d;color:#fff}.elementor-widget-text-editor.elementor-drop-cap-view-framed .elementor-drop-cap{color:#69727d;border:3px solid;background-color:transparent}.elementor-widget-text-editor:not(.elementor-drop-cap-view-default) .elementor-drop-cap{margin-top:8px}.elementor-widget-text-editor:not(.elementor-drop-cap-view-default) .elementor-drop-cap-letter{width:1em;height:1em}.elementor-widget-text-editor .elementor-drop-cap{float:left;text-align:center;line-height:1;font-size:50px}.elementor-widget-text-editor .elementor-drop-cap-letter{display:inline-block}<\/style>\t\t\t\t<p dir=\"ltr\"><strong>Un cycle de 5 cours de massage parent(s)-b\u00e9b\u00e9<\/strong><\/p><p dir=\"ltr\">L\u2019enseignement du massage pour b\u00e9b\u00e9 se d\u00e9roule sur 5 s\u00e9ances d\u20191h \u00e0 1h30 espac\u00e9es d\u2019une semaine vous permettant ainsi d\u2019apprendre les mouvements de massage de votre nourrisson \u00e0 votre rythme, sereinement, sans peur de se tromper puisque vous pouvez poser toutes vos questions \u00e0 la s\u00e9ance suivante.\u00a0<span style=\"font-style: inherit; font-weight: inherit; background-color: var(--ast-global-color-5);\">La s\u00e9ance \u00e0 domicile est \u00e0 35 euros . Soit un tarif de 185 euros le cycle complet.<\/span><\/p><p dir=\"ltr\">Ce tarif comprend :<\/p><ol><li dir=\"ltr\" aria-level=\"1\"><p dir=\"ltr\" role=\"presentation\">Cycle de 5 cours de massage parent(s)-b\u00e9b\u00e9 d\u20191h \u00e0 1 semaine d\u2019intervalle<\/p><\/li><li dir=\"ltr\" aria-level=\"1\"><p dir=\"ltr\" role=\"presentation\">Livret des mouvements de massage remis \u00e0 la fin du cycle<\/p><\/li><li dir=\"ltr\" aria-level=\"1\"><p dir=\"ltr\" role=\"presentation\">Flacon huile de massage biologique pour b\u00e9b\u00e9 de 50 ml<\/p><\/li><li dir=\"ltr\" aria-level=\"1\"><p dir=\"ltr\" role=\"presentation\">Les 2 parents ainsi que la fratrie peuvent participer aux ateliers sans suppl\u00e9ment<\/p><\/li><li dir=\"ltr\" aria-level=\"1\"><p dir=\"ltr\" role=\"presentation\">Envoi d\u2019un bon cadeau au nom du b\u00e9b\u00e9 et de ses parents dans le cadre d\u2019un cadeau ( naissance,\u00a0 plaisir d\u2019offrir)<\/p><\/li><li dir=\"ltr\" aria-level=\"1\"><p dir=\"ltr\" style=\"text-align: left;\" role=\"presentation\">N\u2019h\u00e9sitez pas \u00e0 me contacter pour une demande de devis.<\/p><\/li><\/ol>\t\t\t\t\t\t<\/div>\n\t\t\t\t<\/div>\n\t\t\t\t\t<\/div>\n\t\t<\/div>\n\t\t\t\t\t<\/div>\n\t\t<\/section>\n\t\t\t\t<section class=\"elementor-section elementor-top-section elementor-element elementor-element-d17b75f elementor-section-boxed elementor-section-height-default elementor-section-height-default\" data-id=\"d17b75f\" data-element_type=\"section\">\n\t\t\t\t\t\t<div class=\"elementor-container elementor-column-gap-default\">\n\t\t\t\t\t<div class=\"elementor-column elementor-col-33 elementor-top-column elementor-element elementor-element-68e21ca\" data-id=\"68e21ca\" data-element_type=\"column\">\n\t\t\t<div class=\"elementor-widget-wrap elementor-element-populated\">\n\t\t\t\t\t\t<div class=\"elementor-element elementor-element-2a88cf6 elementor-cta--skin-classic elementor-animated-content elementor-bg-transform elementor-bg-transform-zoom-in elementor-widget elementor-widget-call-to-action\" data-id=\"2a88cf6\" data-element_type=\"widget\" data-widget_type=\"call-to-action.default\">\n\t\t\t\t<div class=\"elementor-widget-container\">\n\t\t\t<link rel=\"stylesheet\" href=\"https:\/\/jaimemonbebe.fr\/wp-content\/plugins\/elementor-pro\/assets\/css\/widget-call-to-action.min.css\">\t\t<div class=\"elementor-cta\">\n\t\t\t\t\t<div class=\"elementor-cta__bg-wrapper\">\n\t\t\t\t<div class=\"elementor-cta__bg elementor-bg\" style=\"background-image: url(https:\/\/jaimemonbebe.fr\/wp-content\/uploads\/2023\/02\/images-3-1.jpeg);\"><\/div>\n\t\t\t\t<div class=\"elementor-cta__bg-overlay\"><\/div>\n\t\t\t<\/div>\n\t\t\t\t\t\t\t<div class=\"elementor-cta__content\">\n\t\t\t\t\n\t\t\t\t<h3 class=\"elementor-cta__title elementor-cta__content-item elementor-content-item\">Cycle individuel:  200\u20ac 5 s\u00e9ances de 1h15 dans une salle<\/h3>\n\t\t\t\t\t\t\t\t\t<div class=\"elementor-cta__description elementor-cta__content-item elementor-content-item\">\n\t\t\t\t\t\t\n\n(Le tarif comprend un flacon d\u2019huile de massage, ainsi qu\u2019un support de cours comprenant les mouvements).\nPour une intervention \u00e0 domicile : suppl\u00e9ment en fonction du lieu, et 60 euros pour r\u00e9server le cycle.\n \nAttention : les bons cadeaux pour les cycles sont valables jusqu\u2019en d\u00e9cembre 2023\t\t\t\t\t<\/div>\n\t\t\t\t\n\t\t\t\t\t\t\t<\/div>\n\t\t\t\t\t\t<\/div>\n\t\t\t\t<\/div>\n\t\t\t\t<\/div>\n\t\t\t\t\t<\/div>\n\t\t<\/div>\n\t\t\t\t<div class=\"elementor-column elementor-col-33 elementor-top-column elementor-element elementor-element-ce3ae93\" data-id=\"ce3ae93\" data-element_type=\"column\">\n\t\t\t<div class=\"elementor-widget-wrap elementor-element-populated\">\n\t\t\t\t\t\t<div class=\"elementor-element elementor-element-92fc942 elementor-cta--skin-classic elementor-animated-content elementor-bg-transform elementor-bg-transform-zoom-in elementor-widget elementor-widget-call-to-action\" data-id=\"92fc942\" data-element_type=\"widget\" data-widget_type=\"call-to-action.default\">\n\t\t\t\t<div class=\"elementor-widget-container\">\n\t\t\t\t\t<div class=\"elementor-cta\">\n\t\t\t\t\t<div class=\"elementor-cta__bg-wrapper\">\n\t\t\t\t<div class=\"elementor-cta__bg elementor-bg\" style=\"background-image: url(https:\/\/jaimemonbebe.fr\/wp-content\/uploads\/2023\/02\/telechargement-en-groupe.jpeg);\"><\/div>\n\t\t\t\t<div class=\"elementor-cta__bg-overlay\"><\/div>\n\t\t\t<\/div>\n\t\t\t\t\t\t\t<div class=\"elementor-cta__content\">\n\t\t\t\t\n\t\t\t\t<h3 class=\"elementor-cta__title elementor-cta__content-item elementor-content-item\">Cycle collectif (5 b\u00e9b\u00e9s maxi): 185\u20ac Soit 35\u20ac\/s\u00e9ance  5 s\u00e9ances de 1h30 dans une salle<\/h3>\n\t\t\t\t\t\t\t\t\t<div class=\"elementor-cta__description elementor-cta__content-item elementor-content-item\">\n\t\t\t\t\t\t(Le tarif comprend un flacon d\u2019huile de massage, ainsi qu\u2019un support de cours comprenant les mouvements).\n Un acompte de 40\u20ac vous sera demand\u00e9 afin de r\u00e9server le cycle.\n \nAttention: les bons cadeaux pour les cycles sont valables jusqu\u2019en d\u00e9cembre 2023\t\t\t\t\t<\/div>\n\t\t\t\t\n\t\t\t\t\t\t\t<\/div>\n\t\t\t\t\t\t<\/div>\n\t\t\t\t<\/div>\n\t\t\t\t<\/div>\n\t\t\t\t\t<\/div>\n\t\t<\/div>\n\t\t\t\t<div class=\"elementor-column elementor-col-33 elementor-top-column elementor-element elementor-element-0d823a0\" data-id=\"0d823a0\" data-element_type=\"column\">\n\t\t\t<div class=\"elementor-widget-wrap elementor-element-populated\">\n\t\t\t\t\t\t<div class=\"elementor-element elementor-element-c2ab0bb elementor-cta--skin-classic elementor-animated-content elementor-bg-transform elementor-bg-transform-zoom-in elementor-widget elementor-widget-call-to-action\" data-id=\"c2ab0bb\" data-element_type=\"widget\" data-widget_type=\"call-to-action.default\">\n\t\t\t\t<div class=\"elementor-widget-container\">\n\t\t\t\t\t<div class=\"elementor-cta\">\n\t\t\t\t\t<div class=\"elementor-cta__bg-wrapper\">\n\t\t\t\t<div class=\"elementor-cta__bg elementor-bg\" style=\"background-image: url(https:\/\/jaimemonbebe.fr\/wp-content\/uploads\/2023\/02\/images-2.jpeg);\"><\/div>\n\t\t\t\t<div class=\"elementor-cta__bg-overlay\"><\/div>\n\t\t\t<\/div>\n\t\t\t\t\t\t\t<div class=\"elementor-cta__content\">\n\t\t\t\t\n\t\t\t\t<h3 class=\"elementor-cta__title elementor-cta__content-item elementor-content-item\"> Pour les collectivit\u00e9s \/ professionnels : Sur devis <\/h3>\n\t\t\t\t\t\t\t\t\t<div class=\"elementor-cta__description elementor-cta__content-item elementor-content-item\">\n\t\t\t\t\t\tCr\u00e8ches, MAM, h\u00f4pitaux, foyers, centre sociaux.\nJe vous invite \u00e0 me contacter pour \u00e9changer sur votre besoin : un \u00e9v\u00e9nement, une r\u00e9union de sensibilisation, une s\u00e9ance d\u2019initiation, conf\u00e9rence \u00e0 th\u00e8me( sommeil, allaitement, alimentation soin pu\u00e9riculture,  etc...)\t\t\t\t\t<\/div>\n\t\t\t\t\n\t\t\t\t\t\t\t<\/div>\n\t\t\t\t\t\t<\/div>\n\t\t\t\t<\/div>\n\t\t\t\t<\/div>\n\t\t\t\t\t<\/div>\n\t\t<\/div>\n\t\t\t\t\t<\/div>\n\t\t<\/section>\n\t\t\t\t<section class=\"elementor-section elementor-top-section elementor-element elementor-element-a7de120 elementor-section-boxed elementor-section-height-default elementor-section-height-default\" data-id=\"a7de120\" data-element_type=\"section\">\n\t\t\t\t\t\t<div class=\"elementor-container elementor-column-gap-default\">\n\t\t\t\t\t<div class=\"elementor-column elementor-col-33 elementor-top-column elementor-element elementor-element-4d8b28e\" data-id=\"4d8b28e\" data-element_type=\"column\">\n\t\t\t<div class=\"elementor-widget-wrap elementor-element-populated\">\n\t\t\t\t\t\t<div class=\"elementor-element elementor-element-2d033e6 elementor-widget elementor-widget-image\" data-id=\"2d033e6\" data-element_type=\"widget\" data-widget_type=\"image.default\">\n\t\t\t\t<div class=\"elementor-widget-container\">\n\t\t\t\t\t\t\t\t\t\t\t\t\t<img decoding=\"async\" width=\"1024\" height=\"726\" src=\"https:\/\/jaimemonbebe.fr\/wp-content\/uploads\/2023\/02\/1-1024x726.png\" class=\"attachment-large size-large wp-image-1269\" alt=\"\" srcset=\"https:\/\/jaimemonbebe.fr\/wp-content\/uploads\/2023\/02\/1-1024x726.png 1024w, https:\/\/jaimemonbebe.fr\/wp-content\/uploads\/2023\/02\/1-300x213.png 300w, https:\/\/jaimemonbebe.fr\/wp-content\/uploads\/2023\/02\/1-768x545.png 768w, https:\/\/jaimemonbebe.fr\/wp-content\/uploads\/2023\/02\/1-1536x1090.png 1536w, https:\/\/jaimemonbebe.fr\/wp-content\/uploads\/2023\/02\/1.png 1748w\" sizes=\"(max-width: 1024px) 100vw, 1024px\" \/>\t\t\t\t\t\t\t\t\t\t\t\t\t<\/div>\n\t\t\t\t<\/div>\n\t\t\t\t\t<\/div>\n\t\t<\/div>\n\t\t\t\t<div class=\"elementor-column elementor-col-33 elementor-top-column elementor-element elementor-element-d48f814\" data-id=\"d48f814\" data-element_type=\"column\">\n\t\t\t<div class=\"elementor-widget-wrap elementor-element-populated\">\n\t\t\t\t\t\t<div class=\"elementor-element elementor-element-6bf01f4 elementor-widget elementor-widget-image\" data-id=\"6bf01f4\" data-element_type=\"widget\" data-widget_type=\"image.default\">\n\t\t\t\t<div class=\"elementor-widget-container\">\n\t\t\t\t\t\t\t\t\t\t\t\t\t<img decoding=\"async\" width=\"1024\" height=\"726\" src=\"https:\/\/jaimemonbebe.fr\/wp-content\/uploads\/2023\/02\/3-1024x726.png\" class=\"attachment-large size-large wp-image-1271\" alt=\"\" srcset=\"https:\/\/jaimemonbebe.fr\/wp-content\/uploads\/2023\/02\/3-1024x726.png 1024w, https:\/\/jaimemonbebe.fr\/wp-content\/uploads\/2023\/02\/3-300x213.png 300w, https:\/\/jaimemonbebe.fr\/wp-content\/uploads\/2023\/02\/3-768x545.png 768w, https:\/\/jaimemonbebe.fr\/wp-content\/uploads\/2023\/02\/3-1536x1090.png 1536w, https:\/\/jaimemonbebe.fr\/wp-content\/uploads\/2023\/02\/3.png 1748w\" sizes=\"(max-width: 1024px) 100vw, 1024px\" \/>\t\t\t\t\t\t\t\t\t\t\t\t\t<\/div>\n\t\t\t\t<\/div>\n\t\t\t\t\t<\/div>\n\t\t<\/div>\n\t\t\t\t<div class=\"elementor-column elementor-col-33 elementor-top-column elementor-element elementor-element-ad7a366\" data-id=\"ad7a366\" data-element_type=\"column\">\n\t\t\t<div class=\"elementor-widget-wrap elementor-element-populated\">\n\t\t\t\t\t\t<div class=\"elementor-element elementor-element-7d2c593 elementor-widget elementor-widget-image\" data-id=\"7d2c593\" data-element_type=\"widget\" data-widget_type=\"image.default\">\n\t\t\t\t<div class=\"elementor-widget-container\">\n\t\t\t\t\t\t\t\t\t\t\t\t\t<img loading=\"lazy\" decoding=\"async\" width=\"1024\" height=\"726\" src=\"https:\/\/jaimemonbebe.fr\/wp-content\/uploads\/2023\/02\/2-1024x726.png\" class=\"attachment-large size-large wp-image-1270\" alt=\"\" srcset=\"https:\/\/jaimemonbebe.fr\/wp-content\/uploads\/2023\/02\/2-1024x726.png 1024w, https:\/\/jaimemonbebe.fr\/wp-content\/uploads\/2023\/02\/2-300x213.png 300w, https:\/\/jaimemonbebe.fr\/wp-content\/uploads\/2023\/02\/2-768x545.png 768w, https:\/\/jaimemonbebe.fr\/wp-content\/uploads\/2023\/02\/2-1536x1090.png 1536w, https:\/\/jaimemonbebe.fr\/wp-content\/uploads\/2023\/02\/2.png 1748w\" sizes=\"(max-width: 1024px) 100vw, 1024px\" \/>\t\t\t\t\t\t\t\t\t\t\t\t\t<\/div>\n\t\t\t\t<\/div>\n\t\t\t\t\t<\/div>\n\t\t<\/div>\n\t\t\t\t\t<\/div>\n\t\t<\/section>\n\t\t\t\t<\/div>\n\t\t","protected":false},"excerpt":{"rendered":"<p>TARIFS Un cycle de 5 cours de massage parent(s)-b\u00e9b\u00e9 L\u2019enseignement du massage pour b\u00e9b\u00e9 se d\u00e9roule sur 5 s\u00e9ances d\u20191h \u00e0 1h30 espac\u00e9es d\u2019une semaine vous permettant ainsi d\u2019apprendre les &hellip;<\/p>\n<p class=\"read-more\"> <a class=\"\" href=\"https:\/\/jaimemonbebe.fr\/index.php\/tarifs\/\"> <span class=\"screen-reader-text\">Tarifs<\/span> Read More &raquo;<\/a><\/p>\n","protected":false},"author":1,"featured_media":0,"parent":0,"menu_order":0,"comment_status":"closed","ping_status":"closed","template":"elementor_theme","meta":{"_uag_custom_page_level_css":"","site-sidebar-layout":"no-sidebar","site-content-layout":"page-builder","ast-global-header-display":"","ast-main-header-display":"","ast-hfb-above-header-display":"","ast-hfb-below-header-display":"","ast-hfb-mobile-header-display":"","site-post-title":"disabled","ast-breadcrumbs-content":"","ast-featured-img":"disabled","footer-sml-layout":"","theme-transparent-header-meta":"","adv-header-id-meta":"","stick-header-meta":"","header-above-stick-meta":"","header-main-stick-meta":"","header-below-stick-meta":"","_price":"","_stock":"","_tribe_ticket_header":"","_tribe_default_ticket_provider":"","_tribe_ticket_capacity":"0","_ticket_start_date":"","_ticket_end_date":"","_tribe_ticket_show_description":"","_tribe_ticket_show_not_going":false,"_tribe_ticket_use_global_stock":"","_tribe_ticket_global_stock_level":"","_global_stock_mode":"","_global_stock_cap":"","_tribe_rsvp_for_event":"","_tribe_ticket_going_count":"","_tribe_ticket_not_going_count":"","_tribe_tickets_list":[],"_tribe_ticket_has_attendee_info_fields":false},"uagb_featured_image_src":{"full":false,"thumbnail":false,"medium":false,"medium_large":false,"large":false,"1536x1536":false,"2048x2048":false},"uagb_author_info":{"display_name":"jaimemonbebe971","author_link":"https:\/\/jaimemonbebe.fr\/index.php\/author\/jaimemonbebe971\/"},"uagb_comment_info":0,"uagb_excerpt":"TARIFS Un cycle de 5 cours de massage parent(s)-b\u00e9b\u00e9 L\u2019enseignement du massage pour b\u00e9b\u00e9 se d\u00e9roule sur 5 s\u00e9ances d\u20191h \u00e0 1h30 espac\u00e9es d\u2019une semaine vous permettant ainsi d\u2019apprendre les &hellip; Tarifs Read More &raquo;","ticketed":false,"_links":{"self":[{"href":"https:\/\/jaimemonbebe.fr\/index.php\/wp-json\/wp\/v2\/pages\/905"}],"collection":[{"href":"https:\/\/jaimemonbebe.fr\/index.php\/wp-json\/wp\/v2\/pages"}],"about":[{"href":"https:\/\/jaimemonbebe.fr\/index.php\/wp-json\/wp\/v2\/types\/page"}],"author":[{"embeddable":true,"href":"https:\/\/jaimemonbebe.fr\/index.php\/wp-json\/wp\/v2\/users\/1"}],"replies":[{"embeddable":true,"href":"https:\/\/jaimemonbebe.fr\/index.php\/wp-json\/wp\/v2\/comments?post=905"}],"version-history":[{"count":45,"href":"https:\/\/jaimemonbebe.fr\/index.php\/wp-json\/wp\/v2\/pages\/905\/revisions"}],"predecessor-version":[{"id":1345,"href":"https:\/\/jaimemonbebe.fr\/index.php\/wp-json\/wp\/v2\/pages\/905\/revisions\/1345"}],"wp:attachment":[{"href":"https:\/\/jaimemonbebe.fr\/index.php\/wp-json\/wp\/v2\/media?parent=905"}],"curies":[{"name":"wp","href":"https:\/\/api.w.org\/{rel}","templated":true}]}}